{"id":69,"date":"2020-01-27T08:05:29","date_gmt":"2020-01-27T08:05:29","guid":{"rendered":"https:\/\/demosites.io\/marketing-agency-gb\/?page_id=69"},"modified":"2025-01-22T09:08:45","modified_gmt":"2025-01-22T09:08:45","slug":"bcd31-portfolio","status":"publish","type":"page","link":"https:\/\/www.akhisarevdeevenakliyat.com\/?page_id=69","title":{"rendered":"Hizmetlerimiz"},"content":{"rendered":"\n<div class=\"wp-block-cover alignfull\" style=\"min-height:168px;aspect-ratio:unset;\"><span aria-hidden=\"true\" class=\"wp-block-cover__background has-nv-site-bg-background-color has-background-dim-100 has-background-dim\"><\/span><div class=\"wp-block-cover__inner-container is-layout-flow wp-block-cover-is-layout-flow\">\n<div class=\"wp-block-group\" style=\"padding-right:var(--wp--preset--spacing--30);padding-left:var(--wp--preset--spacing--30)\"><div class=\"wp-block-group__inner-container is-layout-flow wp-block-group-is-layout-flow\">\n<h1 class=\"wp-block-heading has-text-align-left has-neve-text-color-color has-text-color\">Hizmetlerimiz<\/h1>\n<\/div><\/div>\n<\/div><\/div>\n\n\n\n<p>Akhisar Evden Eve Nakliyat olarak, geni\u015f hizmet yelpazemizle ta\u015f\u0131nma s\u00fcrecinizi kolayla\u015ft\u0131r\u0131yoruz. M\u00fc\u015fteri memnuniyetini \u00f6ncelikli hedefimiz olarak belirleyerek, her t\u00fcrl\u00fc ta\u015f\u0131mac\u0131l\u0131k ihtiyac\u0131n\u0131za profesyonel \u00e7\u00f6z\u00fcmler sunuyoruz.<\/p>\n\n\n\n<div class=\"wp-block-group\" style=\"padding-top:var(--wp--preset--spacing--50);padding-bottom:var(--wp--preset--spacing--50)\"><div class=\"wp-block-group__inner-container is-layout-constrained wp-block-group-is-layout-constrained\">\n<div class=\"wp-block-columns is-layout-flex wp-container-core-columns-is-layout-9d6595d7 wp-block-columns-is-layout-flex\">\n<div class=\"wp-block-column neve-duotone animated rollIn is-layout-flow wp-block-column-is-layout-flow\" style=\"padding-right:var(--wp--preset--spacing--30);padding-left:var(--wp--preset--spacing--30)\"><div class=\"wp-block-image icon-style is-style-default wp-duotone-unset-1\">\n<figure class=\"aligncenter size-full is-resized has-custom-border\"><img loading=\"lazy\" decoding=\"async\" width=\"72\" height=\"72\" src=\"http:\/\/www.akhisarevdeevenakliyat.com\/wp-content\/uploads\/2024\/05\/neve-marketing-icon-6.png\" alt=\"\" class=\"wp-image-751\" style=\"border-radius:0px;width:60px\" title=\"\"\/><\/figure>\n<\/div>\n\n\n<div style=\"height:16px\" aria-hidden=\"true\" class=\"wp-block-spacer\"><\/div>\n\n\n\n<h3 class=\"wp-block-heading has-text-align-center has-neve-text-color-color has-text-color\">Evden Eve Nakliyat<\/h3>\n\n\n\n<p class=\"has-text-align-center\">Akhisar&#8217;da evden eve nakliye sekt\u00f6r\u00fcnde hizmet veren \u015firketimiz, T\u00fcrkiye\u2019nin t\u00fcm il ve il\u00e7elerine e\u015fyalar\u0131n\u0131z\u0131 g\u00fcvenle ta\u015f\u0131maktad\u0131r.<\/p>\n<\/div>\n\n\n\n<div class=\"wp-block-column animated fadeInDown is-layout-flow wp-block-column-is-layout-flow\" style=\"padding-right:var(--wp--preset--spacing--30);padding-left:var(--wp--preset--spacing--30)\"><div class=\"wp-block-image icon-style is-style-default\">\n<figure class=\"aligncenter size-full is-resized has-custom-border\"><img loading=\"lazy\" decoding=\"async\" width=\"60\" height=\"60\" src=\"http:\/\/www.akhisarevdeevenakliyat.com\/wp-content\/uploads\/2024\/07\/neve-marketing-icon-8.1.png\" alt=\"\" class=\"wp-image-937\" style=\"border-radius:0px;width:60px\" title=\"\"\/><\/figure>\n<\/div>\n\n\n<div style=\"height:16px\" aria-hidden=\"true\" class=\"wp-block-spacer\"><\/div>\n\n\n\n<h3 class=\"wp-block-heading has-text-align-center has-neve-text-color-color has-text-color\">Ofis Ta\u015f\u0131ma<\/h3>\n\n\n\n<p class=\"has-text-align-center\">Akhisar&#8217;da ofis ve b\u00fcro ta\u015f\u0131mac\u0131l\u0131\u011f\u0131nda, eski ofis e\u015fyalar\u0131n\u0131z\u0131 yeni b\u00fcronuza ayn\u0131 d\u00fczenle g\u00fcvenle ta\u015f\u0131yoruz.<\/p>\n<\/div>\n\n\n\n<div class=\"wp-block-column animated rollIn is-layout-flow wp-block-column-is-layout-flow\" style=\"padding-right:var(--wp--preset--spacing--30);padding-left:var(--wp--preset--spacing--30)\"><div class=\"wp-block-image icon-style is-style-default wp-duotone-unset-2\">\n<figure class=\"aligncenter size-full is-resized has-custom-border\"><img loading=\"lazy\" decoding=\"async\" width=\"72\" height=\"72\" src=\"http:\/\/www.akhisarevdeevenakliyat.com\/wp-content\/uploads\/2024\/05\/neve-marketing-icon-2.png\" alt=\"\" class=\"wp-image-491\" style=\"border-radius:0px;width:60px;height:auto\" title=\"\"\/><\/figure>\n<\/div>\n\n\n<div style=\"height:16px\" aria-hidden=\"true\" class=\"wp-block-spacer\"><\/div>\n\n\n\n<h3 class=\"wp-block-heading has-text-align-center has-neve-text-color-color has-text-color\">Asans\u00f6rl\u00fc Ta\u015f\u0131ma<\/h3>\n\n\n\n<p class=\"has-text-align-center\">Y\u00fcksek katlarda e\u015fya ve bina hasar riskini en aza indiren asans\u00f6rl\u00fc ta\u015f\u0131mac\u0131l\u0131k hizmetimizle, 16. kata kadar g\u00fcvenle ta\u015f\u0131ma ger\u00e7ekle\u015ftiriyoruz.<\/p>\n<\/div>\n<\/div>\n<\/div><\/div>\n\n\n\n<div class=\"wp-block-columns is-layout-flex wp-container-core-columns-is-layout-9d6595d7 wp-block-columns-is-layout-flex\">\n<div class=\"wp-block-column is-layout-flow wp-block-column-is-layout-flow\" style=\"padding-right:var(--wp--preset--spacing--30);padding-left:var(--wp--preset--spacing--30)\"><div class=\"wp-block-image icon-style is-style-default\">\n<figure class=\"aligncenter size-full is-resized has-custom-border\"><img loading=\"lazy\" decoding=\"async\" width=\"60\" height=\"60\" src=\"http:\/\/www.akhisarevdeevenakliyat.com\/wp-content\/uploads\/2024\/07\/neve-marketing-icon-10.png\" alt=\"\" class=\"wp-image-936\" style=\"border-radius:0px;width:60px\" title=\"\"\/><\/figure>\n<\/div>\n\n\n<div style=\"height:16px\" aria-hidden=\"true\" class=\"wp-block-spacer\"><\/div>\n\n\n\n<h3 class=\"wp-block-heading has-text-align-center has-neve-text-color-color has-text-color\">\u00dccretsiz Ekspertiz<\/h3>\n\n\n\n<p class=\"has-text-align-center\">Evden eve ta\u015f\u0131mac\u0131l\u0131k hizmetimizde, e\u015fyalar\u0131n\u0131z ekspertiz ekibimiz taraf\u0131ndan incelenir ve fiyatland\u0131rma yap\u0131l\u0131r. Nakliye firmas\u0131 arayanlar i\u00e7in g\u00fcvenilir bir \u00e7\u00f6z\u00fcm sunuyoruz.<\/p>\n<\/div>\n\n\n\n<div class=\"wp-block-column is-layout-flow wp-block-column-is-layout-flow\" style=\"padding-right:var(--wp--preset--spacing--30);padding-left:var(--wp--preset--spacing--30)\"><div class=\"wp-block-image icon-style is-style-default wp-duotone-unset-3\">\n<figure class=\"aligncenter size-full is-resized has-custom-border\"><img loading=\"lazy\" decoding=\"async\" width=\"72\" height=\"72\" src=\"http:\/\/www.akhisarevdeevenakliyat.com\/wp-content\/uploads\/2024\/05\/neve-marketing-icon-4.1.png\" alt=\"\" class=\"wp-image-495\" style=\"border-radius:0px;width:60px\" title=\"\"\/><\/figure>\n<\/div>\n\n\n<div style=\"height:16px\" aria-hidden=\"true\" class=\"wp-block-spacer\"><\/div>\n\n\n\n<h3 class=\"wp-block-heading has-text-align-center has-neve-text-color-color has-text-color\">\u015eehirler Aras\u0131 Nakliyat<\/h3>\n\n\n\n<p class=\"has-text-align-center\">T\u00fcrkiye&#8217;nin t\u00fcm il ve il\u00e7elerine ev, ofis, b\u00fcro ve par\u00e7a e\u015fyalar\u0131n\u0131z\u0131 asans\u00f6rl\u00fc, sigortal\u0131, ambalajl\u0131 ve marangoz hizmeti ile g\u00fcvenle ta\u015f\u0131yoruz.<\/p>\n<\/div>\n\n\n\n<div class=\"wp-block-column is-layout-flow wp-block-column-is-layout-flow\" style=\"padding-right:var(--wp--preset--spacing--30);padding-left:var(--wp--preset--spacing--30)\"><div class=\"wp-block-image icon-style is-style-default wp-duotone-unset-4\">\n<figure class=\"aligncenter size-full is-resized has-custom-border\"><img loading=\"lazy\" decoding=\"async\" width=\"60\" height=\"60\" src=\"http:\/\/www.akhisarevdeevenakliyat.com\/wp-content\/uploads\/2024\/07\/neve-marketing-icon-9.png\" alt=\"\" class=\"wp-image-935\" style=\"border-radius:0px;width:60px\" title=\"\"\/><\/figure>\n<\/div>\n\n\n<div style=\"height:16px\" aria-hidden=\"true\" class=\"wp-block-spacer\"><\/div>\n\n\n\n<h3 class=\"wp-block-heading has-text-align-center has-neve-text-color-color has-text-color\">Sigortal\u0131 Ta\u015f\u0131ma<\/h3>\n\n\n\n<p class=\"has-text-align-center\">Akhisar Nakliyat olarak, ta\u015f\u0131nacak t\u00fcm e\u015fyalar\u0131n\u0131z\u0131 uzman ekibimiz ve modern ekipmanlar\u0131m\u0131zla titizlikle ta\u015f\u0131yoruz.<\/p>\n<\/div>\n<\/div>\n\n\n\n<div class=\"wp-block-cover alignfull\" style=\"padding-top:var(--wp--preset--spacing--80);padding-bottom:var(--wp--preset--spacing--80);min-height:300px;aspect-ratio:unset;\"><span aria-hidden=\"true\" class=\"wp-block-cover__background has-nv-dark-bg-background-color has-background-dim-100 has-background-dim\"><\/span><div class=\"wp-block-cover__inner-container is-layout-flow wp-block-cover-is-layout-flow\">\n<div class=\"wp-block-columns is-layout-flex wp-container-core-columns-is-layout-9d6595d7 wp-block-columns-is-layout-flex\">\n<div class=\"wp-block-column is-layout-flow wp-block-column-is-layout-flow\" style=\"flex-basis:20%\"><\/div>\n\n\n\n<div class=\"wp-block-column is-layout-flow wp-block-column-is-layout-flow\" style=\"flex-basis:60%\">\n<div class=\"wp-block-group\"><div class=\"wp-block-group__inner-container is-layout-constrained wp-block-group-is-layout-constrained\">\n<h2 class=\"wp-block-heading has-text-align-center has-nv-text-dark-bg-color has-text-color\">Aray\u0131n, Fiyat Verelim<\/h2>\n\n\n\n<p class=\"has-text-align-center has-nv-text-dark-bg-color has-text-color has-link-color wp-elements-218d3d5e7892d9d5f796a59e987eb237\">Akhisar Evden Eve Nakliyat olarak, her t\u00fcrl\u00fc ta\u015f\u0131mac\u0131l\u0131k ihtiyac\u0131n\u0131za profesyonel \u00e7\u00f6z\u00fcmler sunmak i\u00e7in buraday\u0131z. Bizimle ileti\u015fime ge\u00e7in ve ta\u015f\u0131nman\u0131n keyfini \u00e7\u0131kar\u0131n!<\/p>\n\n\n\n<div style=\"text-align: center;\">\n   <a href=\"https:\/\/wa.me\/+905541219783\" \n      class=\"btn d-inline-flex align-items-center justify-content-center\" \n      target=\"_blank\" \n      rel=\"noopener\" \n      style=\"background-color: #fff; justify-content:center; color: #1e1e1e; text-decoration: none; padding: 10px 20px; border-radius: 5px; display: inline-flex; font-size: 24px; align-items: center; gap: 0.5rem;\">\n         554 121 97 83\n   <\/a>\n<\/div>\n\n<\/div><\/div>\n<\/div>\n\n\n\n<div class=\"wp-block-column is-layout-flow wp-block-column-is-layout-flow\" style=\"flex-basis:20%\"><\/div>\n<\/div>\n<\/div><\/div>\n","protected":false},"excerpt":{"rendered":"<p>Akhisar Evden Eve Nakliyat olarak, geni\u015f hizmet yelpazemizle ta\u015f\u0131nma s\u00fcrecinizi kolayla\u015ft\u0131r\u0131yoruz. M\u00fc\u015fteri memnuniyetini \u00f6ncelikli hedefimiz olarak belirleyerek, her t\u00fcrl\u00fc ta\u015f\u0131mac\u0131l\u0131k ihtiyac\u0131n\u0131za profesyonel \u00e7\u00f6z\u00fcmler sunuyoruz. Evden Eve Nakliyat Akhisar&#8217;da evden eve nakliye sekt\u00f6r\u00fcnde hizmet veren \u015firketimiz, T\u00fcrkiye\u2019nin t\u00fcm il ve il\u00e7elerine e\u015fyalar\u0131n\u0131z\u0131 g\u00fcvenle ta\u015f\u0131maktad\u0131r. Ofis Ta\u015f\u0131ma Akhisar&#8217;da ofis ve b\u00fcro ta\u015f\u0131mac\u0131l\u0131\u011f\u0131nda, eski ofis e\u015fyalar\u0131n\u0131z\u0131 yeni b\u00fcronuza&hellip;&nbsp;<a href=\"https:\/\/www.akhisarevdeevenakliyat.com\/?page_id=69\" rel=\"bookmark\">Daha fazlas\u0131n\u0131 oku &raquo;<span class=\"screen-reader-text\">Hizmetlerimiz<\/span><\/a><\/p>\n","protected":false},"author":1,"featured_media":0,"parent":0,"menu_order":0,"comment_status":"closed","ping_status":"closed","template":"","meta":{"neve_meta_sidebar":"full-width","neve_meta_container":"","neve_meta_enable_content_width":"on","neve_meta_content_width":100,"neve_meta_title_alignment":"","neve_meta_author_avatar":"","neve_post_elements_order":"","neve_meta_disable_header":"","neve_meta_disable_footer":"","neve_meta_disable_title":"on","_themeisle_gutenberg_block_has_review":false,"footnotes":""},"class_list":["post-69","page","type-page","status-publish","hentry"],"_links":{"self":[{"href":"https:\/\/www.akhisarevdeevenakliyat.com\/index.php?rest_route=\/wp\/v2\/pages\/69","targetHints":{"allow":["GET"]}}],"collection":[{"href":"https:\/\/www.akhisarevdeevenakliyat.com\/index.php?rest_route=\/wp\/v2\/pages"}],"about":[{"href":"https:\/\/www.akhisarevdeevenakliyat.com\/index.php?rest_route=\/wp\/v2\/types\/page"}],"author":[{"embeddable":true,"href":"https:\/\/www.akhisarevdeevenakliyat.com\/index.php?rest_route=\/wp\/v2\/users\/1"}],"replies":[{"embeddable":true,"href":"https:\/\/www.akhisarevdeevenakliyat.com\/index.php?rest_route=%2Fwp%2Fv2%2Fcomments&post=69"}],"version-history":[{"count":6,"href":"https:\/\/www.akhisarevdeevenakliyat.com\/index.php?rest_route=\/wp\/v2\/pages\/69\/revisions"}],"predecessor-version":[{"id":1352,"href":"https:\/\/www.akhisarevdeevenakliyat.com\/index.php?rest_route=\/wp\/v2\/pages\/69\/revisions\/1352"}],"wp:attachment":[{"href":"https:\/\/www.akhisarevdeevenakliyat.com\/index.php?rest_route=%2Fwp%2Fv2%2Fmedia&parent=69"}],"curies":[{"name":"wp","href":"https:\/\/api.w.org\/{rel}","templated":true}]}}