{"id":61,"date":"2020-01-23T18:21:52","date_gmt":"2020-01-23T18:21:52","guid":{"rendered":"https:\/\/demosites.io\/marketing-agency-gb\/?page_id=61"},"modified":"2025-01-22T09:09:00","modified_gmt":"2025-01-22T09:09:00","slug":"bcd31-about-us","status":"publish","type":"page","link":"https:\/\/www.akhisarevdeevenakliyat.com\/?page_id=61","title":{"rendered":"Hakk\u0131m\u0131zda"},"content":{"rendered":"\n<div class=\"wp-block-cover alignfull wp-duotone-unset-1\" style=\"min-height:187px;aspect-ratio:unset;\"><span aria-hidden=\"true\" class=\"wp-block-cover__background has-nv-site-bg-background-color has-background-dim-100 has-background-dim\"><\/span><div class=\"wp-block-cover__inner-container is-layout-flow wp-block-cover-is-layout-flow\">\n<div class=\"wp-block-group\" style=\"padding-right:var(--wp--preset--spacing--30);padding-left:var(--wp--preset--spacing--30)\"><div class=\"wp-block-group__inner-container is-layout-flow wp-block-group-is-layout-flow\">\n<h1 class=\"wp-block-heading has-text-align-left o-typing-delay-1s o-typing-faster has-neve-text-color-color has-text-color\">Hakk\u0131m\u0131zda<\/h1>\n<\/div><\/div>\n<\/div><\/div>\n\n\n\n<div class=\"wp-block-cover alignfull has-nv-dark-bg-color has-text-color has-link-color wp-elements-2a38b3aed1830e4eeec392ff3d2980db\" style=\"padding-top:var(--wp--preset--spacing--50);padding-right:var(--wp--preset--spacing--20);padding-bottom:var(--wp--preset--spacing--50);padding-left:var(--wp--preset--spacing--20);min-height:300px;aspect-ratio:unset;\"><span aria-hidden=\"true\" class=\"wp-block-cover__background has-nv-light-bg-background-color has-background-dim-100 has-background-dim\"><\/span><div class=\"wp-block-cover__inner-container is-layout-flow wp-block-cover-is-layout-flow\">\n<div class=\"wp-block-columns is-layout-flex wp-container-core-columns-is-layout-9d6595d7 wp-block-columns-is-layout-flex\">\n<div class=\"wp-block-column is-layout-flow wp-block-column-is-layout-flow\" style=\"flex-basis:100%\">\n<div class=\"wp-block-group\"><div class=\"wp-block-group__inner-container is-layout-constrained wp-block-group-is-layout-constrained\">\n<p class=\"has-nv-dark-bg-color has-text-color has-link-color wp-elements-39b985aaa04c313e67b918fb35c8e948\"><mark style=\"background-color:rgba(0, 0, 0, 0)\" class=\"has-inline-color has-nv-dark-bg-color\"><strong>\u00d6z Efecan Evden Eve Nakliyat<\/strong>&nbsp;olarak, ta\u015f\u0131mac\u0131l\u0131k sekt\u00f6r\u00fcnde y\u0131llar\u0131n deneyimiyle hizmet vermekteyiz. M\u00fc\u015fteri memnuniyetini \u00f6ncelikli hedefimiz olarak belirleyerek, evden eve nakliyat, \u015fehirleraras\u0131 ta\u015f\u0131mac\u0131l\u0131k, ofis ta\u015f\u0131ma, par\u00e7al\u0131 e\u015fya ta\u015f\u0131ma ve asans\u00f6rl\u00fc ta\u015f\u0131ma gibi \u00e7e\u015fitli hizmetler sunuyoruz. G\u00fcvenilir ta\u015f\u0131ma anlay\u0131\u015f\u0131m\u0131zla, e\u015fyalar\u0131n\u0131z\u0131 en iyi \u015fekilde koruyarak yeni adresinize ula\u015ft\u0131r\u0131yoruz.<\/mark><\/p>\n\n\n\n<p class=\"has-nv-dark-bg-color has-text-color has-link-color wp-elements-8a3beae23a0f6e7781b16c76b1d513c7\"><strong>Vizyonumuz<\/strong><\/p>\n\n\n\n<p class=\"has-nv-dark-bg-color has-text-color has-link-color wp-elements-24b8c77b36ef091ed6aee4461d449566\">Vizyonumuz, Akhisar&#8217;da ve \u00e7evresinde en g\u00fcvenilir nakliye firmas\u0131 olmakt\u0131r. M\u00fc\u015fterilerimize sundu\u011fumuz kaliteli hizmetle, ta\u015f\u0131nma s\u00fcrecini stressiz ve sorunsuz hale getirmeyi ama\u00e7l\u0131yoruz. Her zaman geli\u015fen teknoloji ve yenilik\u00e7i y\u00f6ntemlerle, ta\u015f\u0131mac\u0131l\u0131k alan\u0131nda en iyi hizmeti sunmay\u0131 hedefliyoruz.<\/p>\n\n\n\n<p class=\"has-nv-dark-bg-color has-text-color has-link-color wp-elements-694dc6844114facc254c9fa633eee218\"><strong>Misyonumuz<\/strong><\/p>\n\n\n\n<p class=\"has-nv-dark-bg-color has-text-color has-link-color wp-elements-d0640855e7ee795a70bfd9508e6c2623\">Misyonumuz, m\u00fc\u015fteri memnuniyetini sa\u011flamak ve ta\u015f\u0131nma s\u00fcrecini en kolay hale getirmektir. E\u015fyalar\u0131n\u0131z\u0131 g\u00fcvenle ta\u015f\u0131mak i\u00e7in profesyonel bir ekip ve modern ekipmanlarla \u00e7al\u0131\u015f\u0131yoruz. Sigortal\u0131 ta\u015f\u0131ma hizmetimizle, e\u015fyalar\u0131n\u0131z\u0131n g\u00fcvenli\u011fini garanti alt\u0131na al\u0131yoruz.<\/p>\n\n\n\n<h4 class=\"wp-block-heading\">Hizmetlerimiz<\/h4>\n\n\n\n<ol class=\"wp-block-list\">\n<li><strong>Evden Eve Nakliyat<\/strong>: Akhisar&#8217;da evden eve ta\u015f\u0131mac\u0131l\u0131k hizmetimizle, e\u015fyalar\u0131n\u0131z\u0131 g\u00fcvenle yeni adresinize ta\u015f\u0131yoruz. Uzman ekibimiz, e\u015fyalar\u0131n\u0131z\u0131 titizlikle ambalajlayarak, hasar g\u00f6rmeden ula\u015ft\u0131r\u0131r.<\/li>\n\n\n\n<li><strong>\u015eehirleraras\u0131 Ta\u015f\u0131mac\u0131l\u0131k<\/strong>: Uzak mesafelerde e\u015fyalar\u0131n\u0131z\u0131n g\u00fcvenli\u011fini sa\u011flamak i\u00e7in \u015fehirleraras\u0131 nakliyat hizmeti sunuyoruz. E\u015fyalar\u0131n\u0131z\u0131 sigorta poli\u00e7esi ile koruyarak, zaman\u0131nda teslimat garantisi veriyoruz.<\/li>\n\n\n\n<li><strong>Ofis Ta\u015f\u0131ma<\/strong>: Ofis ta\u015f\u0131mac\u0131l\u0131\u011f\u0131 hizmetimizle, i\u015f yerinizin e\u015fyalar\u0131n\u0131 h\u0131zl\u0131 ve g\u00fcvenli bir \u015fekilde yeni lokasyonuna ta\u015f\u0131yoruz. \u0130\u015f s\u00fcreklili\u011finizi sa\u011flamak i\u00e7in ta\u015f\u0131nma s\u00fcrecini en az aksakl\u0131kla ger\u00e7ekle\u015ftiriyoruz.<\/li>\n\n\n\n<li><strong>Par\u00e7al\u0131 E\u015fya Ta\u015f\u0131ma<\/strong>: Az miktardaki e\u015fyalar\u0131n\u0131z\u0131, ayn\u0131 g\u00fczerg\u00e2hta \u00e7al\u0131\u015fan kamyonlar\u0131m\u0131zla g\u00fcvenle ta\u015f\u0131yoruz. Par\u00e7al\u0131 e\u015fya ta\u015f\u0131mac\u0131l\u0131\u011f\u0131, ekonomik bir \u00e7\u00f6z\u00fcm sunarak, b\u00fct\u00e7enizi korur.<\/li>\n\n\n\n<li><strong>Asans\u00f6rl\u00fc Ta\u015f\u0131ma<\/strong>: Y\u00fcksek katlarda ta\u015f\u0131nma i\u015flemlerinde asans\u00f6rl\u00fc ta\u015f\u0131ma hizmetimizle, e\u015fyalar\u0131n\u0131z\u0131 g\u00fcvenle ta\u015f\u0131yoruz. Bu y\u00f6ntem, bina i\u00e7indeki hasar riskini azalt\u0131r ve ta\u015f\u0131ma s\u00fcresini k\u0131salt\u0131r.<\/li>\n\n\n\n<li><strong>Sigortal\u0131 Ta\u015f\u0131ma<\/strong>: E\u015fyalar\u0131n\u0131z\u0131n g\u00fcvenli\u011fini sa\u011flamak i\u00e7in sigortal\u0131 ta\u015f\u0131ma hizmeti sunuyoruz. Olas\u0131 hasar durumlar\u0131nda, e\u015fyalar\u0131n\u0131z\u0131n de\u011feri g\u00fcvence alt\u0131ndad\u0131r.<\/li>\n<\/ol>\n\n\n\n<p class=\"has-text-align-left has-nv-c-2-color has-text-color has-link-color wp-elements-21317c79e04e9ee9d1eb4bd9e46e49b2\">Neden Bizi Tercih Etmelisiniz?<\/p>\n\n\n\n<p class=\"has-text-align-left has-nv-dark-bg-color has-text-color has-link-color wp-elements-d9b0b04c4d17c02d8560c6fc09cd6b80\"><strong>Rekabet\u00e7i Fiyatlar<\/strong>: Kaliteli hizmeti uygun fiyatlarla sunarak, b\u00fct\u00e7enizi koruyoruz.<\/p>\n\n\n\n<p class=\"has-nv-dark-bg-color has-text-color has-link-color wp-elements-6ab20fa154c59fa90fd8343773494eff\"><strong>Profesyonel Ekip<\/strong>: Alan\u0131nda uzman ve deneyimli ekibimiz, ta\u015f\u0131nma s\u00fcrecinde her a\u015famada yan\u0131n\u0131zdad\u0131r.<\/p>\n\n\n\n<p class=\"has-nv-dark-bg-color has-text-color has-link-color wp-elements-58566e36c83d559db2e322c6827a507d\"><strong>Modern Ekipman<\/strong>: Ta\u015f\u0131mac\u0131l\u0131kta en son teknolojiyi kullanarak, e\u015fyalar\u0131n\u0131z\u0131 g\u00fcvenle ta\u015f\u0131yoruz.<\/p>\n\n\n\n<p class=\"has-nv-dark-bg-color has-text-color has-link-color wp-elements-bc1237d243da1893bfea9ec4074515b2\"><strong>M\u00fc\u015fteri Memnuniyeti<\/strong>: M\u00fc\u015fteri odakl\u0131 hizmet anlay\u0131\u015f\u0131m\u0131zla, her zaman sizin memnuniyetinizi \u00f6n planda tutuyoruz.<\/p>\n\n\n\n<p class=\"has-nv-dark-bg-color has-text-color has-link-color wp-elements-e01e021370fa742ec178330047a137df\"><strong>Zaman\u0131nda Teslimat<\/strong>: Ta\u015f\u0131nma s\u00fcrecinde, e\u015fyalar\u0131n\u0131z\u0131 s\u00f6z verdi\u011fimiz gibi zaman\u0131nda teslim ediyoruz.<\/p>\n\n\n\n<h4 class=\"wp-block-heading has-nv-c-2-color has-text-color has-link-color wp-elements-d2f6ecf2590a10bc741bed7b2eb2b4a6\">\u0130leti\u015fim<\/h4>\n\n\n\n<p class=\"has-nv-dark-bg-color has-text-color has-link-color wp-elements-44007c47cb3cce9763749d9fad0d9cf7\">Akhisar Evden Eve Nakliyat olarak, ta\u015f\u0131nma s\u00fcrecinizde yan\u0131n\u0131zda olmaktan mutluluk duyar\u0131z. Herhangi bir sorunuz veya ta\u015f\u0131mac\u0131l\u0131k hizmetlerimiz hakk\u0131nda bilgi almak i\u00e7in bizimle ileti\u015fime ge\u00e7ebilirsiniz. Uzman ekibimiz, ihtiya\u00e7lar\u0131n\u0131za uygun \u00e7\u00f6z\u00fcmler sunmak i\u00e7in haz\u0131rd\u0131r.<\/p>\n<\/div><\/div>\n\n\n\n<div style=\"text-align: center;\">\n   <a href=\"https:\/\/wa.me\/+905541219783\" \n      class=\"btn d-inline-flex align-items-center justify-content-center\" \n      target=\"_blank\" \n      rel=\"noopener\" \n      style=\"background-color: #fff; justify-content:center; color: #1e1e1e; text-decoration: none; padding: 10px 20px; border-radius: 5px; display: inline-flex; font-size: 24px; align-items: center; gap: 0.5rem;\">\n         554 121 97 83\n   <\/a>\n<\/div>\n<\/div>\n<\/div>\n<\/div><\/div>\n","protected":false},"excerpt":{"rendered":"","protected":false},"author":1,"featured_media":0,"parent":0,"menu_order":0,"comment_status":"closed","ping_status":"closed","template":"","meta":{"neve_meta_sidebar":"default","neve_meta_container":"default","neve_meta_enable_content_width":"on","neve_meta_content_width":100,"neve_meta_title_alignment":"","neve_meta_author_avatar":"","neve_post_elements_order":"","neve_meta_disable_header":"","neve_meta_disable_footer":"","neve_meta_disable_title":"on","_themeisle_gutenberg_block_has_review":false,"footnotes":""},"class_list":["post-61","page","type-page","status-publish","hentry"],"_links":{"self":[{"href":"https:\/\/www.akhisarevdeevenakliyat.com\/index.php?rest_route=\/wp\/v2\/pages\/61","targetHints":{"allow":["GET"]}}],"collection":[{"href":"https:\/\/www.akhisarevdeevenakliyat.com\/index.php?rest_route=\/wp\/v2\/pages"}],"about":[{"href":"https:\/\/www.akhisarevdeevenakliyat.com\/index.php?rest_route=\/wp\/v2\/types\/page"}],"author":[{"embeddable":true,"href":"https:\/\/www.akhisarevdeevenakliyat.com\/index.php?rest_route=\/wp\/v2\/users\/1"}],"replies":[{"embeddable":true,"href":"https:\/\/www.akhisarevdeevenakliyat.com\/index.php?rest_route=%2Fwp%2Fv2%2Fcomments&post=61"}],"version-history":[{"count":17,"href":"https:\/\/www.akhisarevdeevenakliyat.com\/index.php?rest_route=\/wp\/v2\/pages\/61\/revisions"}],"predecessor-version":[{"id":1353,"href":"https:\/\/www.akhisarevdeevenakliyat.com\/index.php?rest_route=\/wp\/v2\/pages\/61\/revisions\/1353"}],"wp:attachment":[{"href":"https:\/\/www.akhisarevdeevenakliyat.com\/index.php?rest_route=%2Fwp%2Fv2%2Fmedia&parent=61"}],"curies":[{"name":"wp","href":"https:\/\/api.w.org\/{rel}","templated":true}]}}