{"id":1406,"date":"2025-01-24T20:43:46","date_gmt":"2025-01-24T20:43:46","guid":{"rendered":"http:\/\/www.akhisarevdeevenakliyat.com\/?page_id=1406"},"modified":"2025-01-31T10:29:52","modified_gmt":"2025-01-31T10:29:52","slug":"fiyat-al","status":"publish","type":"page","link":"https:\/\/www.akhisarevdeevenakliyat.com\/?page_id=1406","title":{"rendered":"Fiyat Talep"},"content":{"rendered":"\n<div class=\"wp-block-cover alignfull has-x-large-font-size\" style=\"min-height:350px;aspect-ratio:unset;\"><span aria-hidden=\"true\" class=\"wp-block-cover__background has-background-dim-70 has-background-dim wp-block-cover__gradient-background has-background-gradient has-midnight-gradient-background\"><\/span><img loading=\"lazy\" decoding=\"async\" width=\"670\" height=\"393\" class=\"wp-block-cover__image-background wp-image-1357\" alt=\"Evden eve ta\u015f\u0131mac\u0131l\u0131k fiyat al image\" src=\"http:\/\/www.akhisarevdeevenakliyat.com\/wp-content\/uploads\/2025\/01\/WhatsApp-Image-2025-01-21-at-17.04.48.jpeg\" style=\"object-position:48% 22%\" data-object-fit=\"cover\" data-object-position=\"48% 22%\" srcset=\"https:\/\/www.akhisarevdeevenakliyat.com\/wp-content\/uploads\/2025\/01\/WhatsApp-Image-2025-01-21-at-17.04.48.jpeg 670w, https:\/\/www.akhisarevdeevenakliyat.com\/wp-content\/uploads\/2025\/01\/WhatsApp-Image-2025-01-21-at-17.04.48-300x176.jpeg 300w\" sizes=\"auto, (max-width: 670px) 100vw, 670px\" \/><div class=\"wp-block-cover__inner-container is-layout-constrained wp-block-cover-is-layout-constrained\">\n<p class=\"has-text-align-center has-nv-site-bg-color has-text-color has-link-color has-x-large-font-size wp-elements-248606a38676b26d1ecea09bdcc84094\"><strong>Fiyat Talep Formu<\/strong><\/p>\n<\/div><\/div>\n\n\n\n<div id=\"wp-block-themeisle-blocks-form-999ad5fd\" class=\"wp-block-themeisle-blocks-form ticss-63f7cbe1\" data-option-name=\"bf9b28ff82ce323187abc5d0feb0d8f07ecd8436_999ad5fd\"><form class=\"otter-form__container\">\n<div id=\"wp-block-themeisle-blocks-form-input-fa35ce83\" class=\"wp-block-themeisle-blocks-form-input is-style-o-c-two-thirds\"><label for=\"wp-block-themeisle-blocks-form-input-fa35ce83-input\" class=\"otter-form-input-label\"><span class=\"otter-form-input-label__label\">Ad ve Soyad\u0131n\u0131z<\/span><span class=\"required\">*<\/span><\/label><input type=\"text\" id=\"wp-block-themeisle-blocks-form-input-fa35ce83-input\" required placeholder=\"\" class=\"otter-form-input\" value=\"\"\/><\/div>\n\n\n\n<div id=\"wp-block-themeisle-blocks-form-input-20d7ed90\" class=\"wp-block-themeisle-blocks-form-input is-style-o-c-two-thirds\"><label for=\"wp-block-themeisle-blocks-form-input-20d7ed90-input\" class=\"otter-form-input-label\"><span class=\"otter-form-input-label__label\">Telefon<\/span><span class=\"required\">*<\/span><\/label><input type=\"number\" name=\"phone_no\" id=\"wp-block-themeisle-blocks-form-input-20d7ed90-input\" required placeholder=\"\" class=\"otter-form-input\"\/><\/div>\n\n\n<div class=\"protection\" aria-hidden=\"true\"><input type=\"hidden\" id=\"wp-block-themeisle-blocks-form-999ad5fd_nonce_field\" name=\"wp-block-themeisle-blocks-form-999ad5fd_nonce_field\" value=\"3bef15bc1c\" \/><input type=\"hidden\" name=\"_wp_http_referer\" value=\"\/index.php?rest_route=%2Fwp%2Fv2%2Fpages%2F1406\" \/><input class=\"o-anti-bot\" type=\"checkbox\"><\/div>\n\n<div class=\"wp-block-themeisle-blocks-form-multiple-choice\" id=\"wp-block-themeisle-blocks-form-textarea-6a557024\"><label class=\"otter-form-input-label\" for=\"wp-block-themeisle-blocks-form-textarea-6a557024\" >Ta\u015f\u0131nacak E\u015fya Miktar\u0131n\u0131 Se\u00e7iniz<span class=\"required\">*<\/span><\/label><select id=\"wp-block-themeisle-blocks-form-textarea-6a557024\"  required  name=\"households_goods_in\"><option value=\"11-ev-esyasi\">1+1 Ev e\u015fyas\u0131<\/option><option value=\"21-ev-esyasi\">2+1 Ev E\u015fyas\u0131<\/option><option value=\"31-ev-esyasi\">3+1 Ev e\u015fyas\u0131<\/option><option value=\"41-ev-esyasi\">4+1 Ev e\u015fyas\u0131<\/option><option value=\"parca-esya\">Par\u00e7a E\u015fya<\/option><option value=\"ceyiz\">\u00c7eyiz<\/option><\/select><span class=\"o-form-help\">Farkl\u0131 se\u00e7enekler i\u00e7in ileti\u015fime ge\u00e7iniz.<\/span><\/div>\n\n<div class=\"wp-block-themeisle-blocks-form-multiple-choice\" id=\"wp-block-themeisle-blocks-form-multiple-choice-6f1064a1\"><label class=\"otter-form-input-label\" for=\"wp-block-themeisle-blocks-form-multiple-choice-6f1064a1\" >Paketleme hizmeti talep ediliyor mu?<span class=\"required\">*<\/span><\/label><select id=\"wp-block-themeisle-blocks-form-multiple-choice-6f1064a1\"  required  name=\"package_wish\"><option value=\"evet-tum-esyalarimin-paketlenmesini-istiyorum\"selected>Evet, t\u00fcm e\u015fyalar\u0131m\u0131n paketlenmesini istiyorum.<\/option><option value=\"hayir-esyalarimi-ben-paketleyecegim\">Hay\u0131r, e\u015fyalar\u0131m\u0131 ben paketleyece\u011fim.<\/option><\/select><span class=\"o-form-help\">Farkl\u0131 se\u00e7enekler i\u00e7in ileti\u015fime ge\u00e7iniz.<\/span><\/div>\n\n\n<div id=\"wp-block-themeisle-blocks-form-multiple-choice-6ebbc68b\" class=\"wp-block-themeisle-blocks-form-input  is-style-o-c-two-thirds\"><label for=\"wp-block-themeisle-blocks-form-multiple-choice-6ebbc68b-input\" class=\"otter-form-input-label\"><span class=\"otter-form-input-label__label\">E\u015fyalar\u0131n\u0131z nereden y\u00fcklenecek (il\/il\u00e7e olarak giriniz)?<\/span><span class=\"required\">*<\/span><\/label><input type=\"text\" name=\"households_goods_upload\" id=\"wp-block-themeisle-blocks-form-multiple-choice-6ebbc68b-input\" required placeholder=\"Manisa, Akhisar\" class=\"otter-form-input\" value=\"\"\/><\/div>\n\n\n<div class=\" is-style-o-c-half wp-block-themeisle-blocks-form-multiple-choice\" id=\"wp-block-themeisle-blocks-form-input-8e464fb0\"><label class=\"otter-form-input-label\" for=\"wp-block-themeisle-blocks-form-input-8e464fb0\" >Y\u00fckleme ka\u00e7\u0131nc\u0131 kattan yap\u0131lacak?<span class=\"required\">*<\/span><\/label><select id=\"wp-block-themeisle-blocks-form-input-8e464fb0\"  required  name=\"households_goods_ap\"><option value=\"1-kat\">1. kat<\/option><option value=\"2-kat\">2. kat<\/option><option value=\"3-kat\"selected>3. kat<\/option><option value=\"4-kat\">4. kat<\/option><option value=\"5-kat\">5. kat<\/option><option value=\"6-kat\">6. kat<\/option><option value=\"7-kat\">7. kat<\/option><option value=\"8-kat\">8. kat<\/option><option value=\"9-kat\">9. kat<\/option><option value=\"10-kat-ve-uzeri\">10. kat ve \u00fczeri<\/option><\/select><span class=\"o-form-help\">Farkl\u0131 se\u00e7enekler i\u00e7in ileti\u015fime ge\u00e7iniz.<\/span><\/div>\n\n<div class=\"wp-block-themeisle-blocks-form-multiple-choice\" id=\"wp-block-themeisle-blocks-form-multiple-choice-099b9c27\"><label class=\"otter-form-input-label\" for=\"wp-block-themeisle-blocks-form-multiple-choice-099b9c27\" >Y\u00fckleme nas\u0131l yap\u0131lacak?<span class=\"required\">*<\/span><\/label><select id=\"wp-block-themeisle-blocks-form-multiple-choice-099b9c27\"  required  name=\"households_goods-how\"><option value=\"dis-cephe-asansoru-ile\"selected>D\u0131\u015f cephe asans\u00f6r\u00fc ile<\/option><option value=\"bina-asansoru-ile\">Bina asans\u00f6r\u00fc ile<\/option><option value=\"merdiven-boslugundan\">Merdiven bo\u015flu\u011fundan<\/option><\/select><span class=\"o-form-help\">Farkl\u0131 se\u00e7enekler i\u00e7in ileti\u015fime ge\u00e7iniz.<\/span><\/div>\n\n\n<div id=\"wp-block-themeisle-blocks-form-multiple-choice-30fb3f6e\" class=\"wp-block-themeisle-blocks-form-input  is-style-o-c-half\"><label for=\"wp-block-themeisle-blocks-form-multiple-choice-30fb3f6e-input\" class=\"otter-form-input-label\"><span class=\"otter-form-input-label__label\">Y\u00fckleme tarihi?<\/span><span class=\"required\">*<\/span><\/label><input type=\"date\" name=\"households_goods_datee\" id=\"wp-block-themeisle-blocks-form-multiple-choice-30fb3f6e-input\" required class=\"otter-form-input\"\/><span class=\"o-form-help\">Farkl\u0131 se\u00e7enekler i\u00e7in ileti\u015fime ge\u00e7iniz.<\/span><\/div>\n\n\n\n<div id=\"wp-block-themeisle-blocks-form-input-06b79aa0\" class=\"wp-block-themeisle-blocks-form-input  is-style-o-c-two-thirds\"><label for=\"wp-block-themeisle-blocks-form-input-06b79aa0-input\" class=\"otter-form-input-label\"><span class=\"otter-form-input-label__label\">E\u015fyalar\u0131n\u0131z nereye teslim edilecek (il\/il\u00e7e olarak giriniz)?<\/span><span class=\"required\">*<\/span><\/label><input type=\"text\" name=\"households_goods\" id=\"wp-block-themeisle-blocks-form-input-06b79aa0-input\" required class=\"otter-form-input\" value=\"\"\/><\/div>\n\n\n<div class=\" is-style-o-c-half wp-block-themeisle-blocks-form-multiple-choice\" id=\"wp-block-themeisle-blocks-form-multiple-choice-87af0afb\"><label class=\"otter-form-input-label\" for=\"wp-block-themeisle-blocks-form-multiple-choice-87af0afb\" >Teslimat ka\u00e7\u0131nc\u0131 kata yap\u0131lacak?<span class=\"required\">*<\/span><\/label><select id=\"wp-block-themeisle-blocks-form-multiple-choice-87af0afb\"  required  name=\"households_goods_whichap\"><option value=\"1-kat\">1. kat<\/option><option value=\"2-kat\">2. kat<\/option><option value=\"3-kat\"selected>3. kat<\/option><option value=\"4-kat\">4. kat<\/option><option value=\"5-kat\">5. kat<\/option><option value=\"6-kat\">6. kat<\/option><option value=\"7-kat\">7. kat<\/option><option value=\"8-kat\">8. kat<\/option><option value=\"9-kat\">9. kat<\/option><option value=\"10-kat-ve-uzeri\">10. kat ve \u00fczeri<\/option><\/select><span class=\"o-form-help\">Farkl\u0131 se\u00e7enekler i\u00e7in ileti\u015fime ge\u00e7iniz.<\/span><\/div>\n\n<div class=\"wp-block-themeisle-blocks-form-multiple-choice\" id=\"wp-block-themeisle-blocks-form-multiple-choice-2c24e5e0\"><label class=\"otter-form-input-label\" for=\"wp-block-themeisle-blocks-form-multiple-choice-2c24e5e0\" >Teslimat nas\u0131l yap\u0131lacak?<span class=\"required\">*<\/span><\/label><select id=\"wp-block-themeisle-blocks-form-multiple-choice-2c24e5e0\"  required  name=\"households_goods_howi\"><option value=\"dis-cephe-asansoru-ile\"selected>D\u0131\u015f cephe asans\u00f6r\u00fc ile<\/option><option value=\"bina-asansoru-ile\">Bina asans\u00f6r\u00fc ile<\/option><option value=\"merdiven-boslugundan\">Merdiven bo\u015flu\u011fundan<\/option><\/select><span class=\"o-form-help\">Farkl\u0131 se\u00e7enekler i\u00e7in ileti\u015fime ge\u00e7iniz.<\/span><\/div>\n\n<div class=\" is-style-o-c-half wp-block-themeisle-blocks-form-multiple-choice\" id=\"wp-block-themeisle-blocks-form-input-70a6e54f\"><label class=\"otter-form-input-label\" for=\"wp-block-themeisle-blocks-form-input-70a6e54f\" >Teslimat tarihi?<span class=\"required\">*<\/span><\/label><select id=\"wp-block-themeisle-blocks-form-input-70a6e54f\"  required  name=\"households_goods_datees\"><option value=\"olabildigince-hizli\">Olabildi\u011fince h\u0131zl\u0131<\/option><option value=\"1-2-hafta-icerisinde\">1-2 hafta i\u00e7erisinde<\/option><option value=\"3-4-hafta-icerisinde\">3-4 hafta i\u00e7erisinde<\/option><option value=\"belli-degil\">Belli de\u011fil<\/option><\/select><span class=\"o-form-help\">Farkl\u0131 talepler i\u00e7in ileti\u015fime ge\u00e7iniz.<\/span><\/div>\n\n\n<p class=\"has-extra-small-font-size\"><\/p>\n<div class=\"wp-block-button\"><button class=\"wp-block-button__link\" type=\"submit\">G\u00f6nder<\/button><\/div><\/form><\/div>\n\n\n\n<p><\/p>\n","protected":false},"excerpt":{"rendered":"","protected":false},"author":1,"featured_media":0,"parent":0,"menu_order":0,"comment_status":"closed","ping_status":"closed","template":"","meta":{"neve_meta_sidebar":"","neve_meta_container":"","neve_meta_enable_content_width":"","neve_meta_content_width":0,"neve_meta_title_alignment":"","neve_meta_author_avatar":"","neve_post_elements_order":"","neve_meta_disable_header":"","neve_meta_disable_footer":"","neve_meta_disable_title":"","_themeisle_gutenberg_block_has_review":false,"footnotes":""},"class_list":["post-1406","page","type-page","status-publish","hentry"],"_links":{"self":[{"href":"https:\/\/www.akhisarevdeevenakliyat.com\/index.php?rest_route=\/wp\/v2\/pages\/1406","targetHints":{"allow":["GET"]}}],"collection":[{"href":"https:\/\/www.akhisarevdeevenakliyat.com\/index.php?rest_route=\/wp\/v2\/pages"}],"about":[{"href":"https:\/\/www.akhisarevdeevenakliyat.com\/index.php?rest_route=\/wp\/v2\/types\/page"}],"author":[{"embeddable":true,"href":"https:\/\/www.akhisarevdeevenakliyat.com\/index.php?rest_route=\/wp\/v2\/users\/1"}],"replies":[{"embeddable":true,"href":"https:\/\/www.akhisarevdeevenakliyat.com\/index.php?rest_route=%2Fwp%2Fv2%2Fcomments&post=1406"}],"version-history":[{"count":12,"href":"https:\/\/www.akhisarevdeevenakliyat.com\/index.php?rest_route=\/wp\/v2\/pages\/1406\/revisions"}],"predecessor-version":[{"id":1459,"href":"https:\/\/www.akhisarevdeevenakliyat.com\/index.php?rest_route=\/wp\/v2\/pages\/1406\/revisions\/1459"}],"wp:attachment":[{"href":"https:\/\/www.akhisarevdeevenakliyat.com\/index.php?rest_route=%2Fwp%2Fv2%2Fmedia&parent=1406"}],"curies":[{"name":"wp","href":"https:\/\/api.w.org\/{rel}","templated":true}]}}